{"id":303,"date":"2022-06-03T10:32:02","date_gmt":"2022-06-03T08:32:02","guid":{"rendered":"https:\/\/touch.tomsidee.de\/?page_id=2"},"modified":"2024-11-15T15:09:22","modified_gmt":"2024-11-15T14:09:22","slug":"touch","status":"publish","type":"page","link":"https:\/\/touch.tomsidee.de\/de\/","title":{"rendered":"Touch"},"content":{"rendered":"\n<h2 class=\"wp-block-heading\"><img loading=\"lazy\" decoding=\"async\" width=\"630\" height=\"630\" class=\"wp-image-155\" style=\"width: 30px\" src=\"https:\/\/touch.osthege.eu\/de\/wp-content\/uploads\/sites\/5\/sites\/9\/2022\/06\/image.png\" alt=\"\" srcset=\"https:\/\/touch.tomsidee.de\/de\/wp-content\/uploads\/sites\/5\/sites\/9\/2022\/06\/image.png 630w, https:\/\/touch.tomsidee.de\/de\/wp-content\/uploads\/sites\/5\/sites\/9\/2022\/06\/image-300x300.png 300w, https:\/\/touch.tomsidee.de\/de\/wp-content\/uploads\/sites\/5\/sites\/9\/2022\/06\/image-150x150.png 150w\" sizes=\"auto, (max-width: 630px) 100vw, 630px\" \/> Datum und Zeit\u00a0<br>von Dateien und Ordnern \u00e4ndern<\/h2>\n\n\n\n<p>Komfortabel Erstellungs- und \u00c4nderungs-Datum und -Zeit von Dateien und Ordnern \u00e4ndern oder aus Metadaten (Exif etc.) von Bildern, Dateinamen und xmp-Begleitdateien \u00fcbernehmen. <\/p>\n\n\n\n<div class=\"wp-block-group\"><div class=\"wp-block-group__inner-container is-layout-flow wp-block-group-is-layout-flow\">\n<div class=\"wp-block-columns is-layout-flex wp-container-core-columns-is-layout-9d6595d7 wp-block-columns-is-layout-flex\">\n<div class=\"wp-block-column is-layout-flow wp-block-column-is-layout-flow\"><div class=\"wp-block-image\">\n<figure class=\"alignright size-full is-resized\"><a href=\"https:\/\/www.microsoft.com\/store\/apps\/9NDHGDKJS5RL\" target=\"_blank\" rel=\"noreferrer noopener\"><img loading=\"lazy\" decoding=\"async\" width=\"222\" height=\"80\" src=\"https:\/\/touch.tomsidee.de\/de\/wp-content\/uploads\/sites\/5\/sites\/5\/2022\/06\/German-Get-It-From-864x312-3.png\" alt=\"\" class=\"wp-image-121\" style=\"width:167px;height:60px\"\/><\/a><\/figure>\n<\/div><\/div>\n\n\n\n<div class=\"wp-block-column is-layout-flow wp-block-column-is-layout-flow\"><div class=\"wp-block-image\">\n<figure class=\"alignleft size-full is-resized\"><a href=\"https:\/\/apps.apple.com\/de\/app\/id1555225663\" target=\"_blank\" rel=\"noreferrer noopener\"><img loading=\"lazy\" decoding=\"async\" width=\"240\" height=\"80\" src=\"https:\/\/touch.tomsidee.de\/de\/wp-content\/uploads\/sites\/5\/sites\/5\/2022\/06\/Download_on_the_App_Store_Badge_DE_blk_092917-1.png\" alt=\"\" class=\"wp-image-118\" style=\"width:180px;height:60px\"\/><\/a><\/figure>\n<\/div><\/div>\n<\/div>\n<\/div><\/div>\n\n\n\n<p>Sicherlich kommt Ihnen die folgende oder eine \u00e4hnliche Situation bekannt vor:<\/p>\n\n\n\n<p>Endlich haben Sie die Zeit gefunden, ihre Fotos aus der Cloud herunter zu laden und angefangen sie zu sortieren. Damit Sie diese zeitlich einwandfrei zuordnen k\u00f6nnen, haben Sie im Explorer oder Finder auf die \u00dcberschrift der Datumsanzeige geklickt. Normalerweise sollten jetzt die Fotos alle nach dem Erstellungsdatum sortiert angezeigt werden. Doch wie sich jetzt zeigt, haben alle Fotos das selbe Datum, n\u00e4mlich das Datum, an dem sie aus der Cloud geladen worden. Was machen Sie jetzt? Mithilfe einer irgendwo im Betriebssystem gut versteckten Funktion das Datum jedes einzelnen Fotos \u00e4ndern? Bestimmt nicht, denn dann sitzen Sie bei der Menge an Fotos noch \u00fcbermorgen dran. Das ist der Punkt, an dem Ihnen Touch helfen kann. Mithilfe weniger Klicks \u00fcbernehmen Sie das korrekte Erstellungsdatum ihrer Fotos aus den darin enthaltenen Exif-Daten. Innerhalb weniger Sekunden bekommen alle Ihre Fotos so das richtige Datum und Sie k\u00f6nnen daran gehen, sie problemlos zu sortieren. Und wenn Ihre Fotos aus der Karibik stammen und deshalb in einer anderen Zeitzone aufgenommen wurden, k\u00f6nnen Sie auch das mit Touch ganz schnell korrigieren.<\/p>\n\n\n\n<p>Nat\u00fcrlich gibt es beliebig viele andere Anwendungsf\u00e4lle f\u00fcr diese App. Ein Kunde scannt zum Beispiel zu Beginn einer Woche alle Dokumente der Vorwoche und versieht sie dann mit dem korrekten Datum, damit sie problemlos einsortiert werden k\u00f6nnen.<\/p>\n\n\n\n<p>Der Name Touch ist von dem Programm abgeleitet, mit dem man in der Kommandozeilenoberfl\u00e4che Datum und Zeit von Ordnern und Dateien \u00e4ndern kann. Diese App hat einen \u00e4hnlichen Funktionsumfang, aber die gew\u00fcnschten \u00c4nderungen k\u00f6nnen wesentlich komfortabler und umfangreicher angewandt werden.<\/p>\n\n\n\n<p>Die moderne und \u00fcbersichtliche Benutzeroberfl\u00e4che erlaubt es Ihnen, Ordner und Dateien auf die App zu ziehen. Sie k\u00f6nnen einstellen, ob die Dateien sofort oder beim Anklicken einer Schaltfl\u00e4che bearbeitet werden sollen. Auf diese Art k\u00f6nnen Sie viele Dateien und Ordner sehr schnell bearbeiten.<\/p>\n\n\n\n<h2 class=\"wp-block-heading\">Die Funktionen<\/h2>\n\n\n\n<ul class=\"wp-block-list\">\n<li>Diese App \u00e4ndert Erstellungs- und \u00c4nderungsdatum und -zeit von Ordnern und Dateien so wie Sie es ben\u00f6tigen.<\/li>\n\n\n\n<li>Exif, IPTC, XMP Metadaten aus Bildern k\u00f6nnen als Erstellungs- und\/oder \u00c4nderungsdatum und\/oder -zeit \u00fcbernommen werden.<\/li>\n\n\n\n<li>Wenn Begleitdateien (.xmp) existieren, k\u00f6nnen die darin enthaltenen Daten \u00fcbernommen werden, um Datum und\/oder Uhrzeit der entsprechenden Dateien zu modifizieren.<\/li>\n\n\n\n<li>Manchmal kann es sinnvoll sein, Datum und\/oder Uhrzeit von Dateien relativ zu \u00e4ndern. Zum Beispiel ist dies dann der Fall, wenn Fotos vorliegen, deren Aufnahmedatum um eine oder mehrere Stunden verschoben ist, weil sie in einer anderen Zeitzone aufgenommen wurden.<\/li>\n\n\n\n<li>Datum und Uhrzeit k\u00f6nnen dem Namen der Datei entnommen werden. Dies kann besonders dann n\u00fctzlich sein, wenn die Daten von Bilddateien modifiziert werden m\u00fcssen. Es werden folgende Formate unterst\u00fctzt:<\/li>\n<\/ul>\n\n\n\n<div class=\"wp-block-columns is-layout-flex wp-container-core-columns-is-layout-9d6595d7 wp-block-columns-is-layout-flex\">\n<div class=\"wp-block-column is-layout-flow wp-block-column-is-layout-flow\" style=\"flex-basis:30px\"><\/div>\n\n\n\n<div class=\"wp-block-column is-layout-flow wp-block-column-is-layout-flow\">\n<p><code>JJJJ[ -_.\/]MM[ -_.\/]TT hh[ -_.\/:]mm[ -_.\/:]ss <\/code><br><code>&nbsp;&nbsp;&nbsp;&nbsp;(Beispiel: 2022-02-28 14:15:30)<br>JJJJ[ -_.\/]MM[ -_.\/]TT hhmmss<\/code><br><code>&nbsp;&nbsp;&nbsp;&nbsp;(Beispiel: 2022\/02\/28 141530)<br>JJJJMMTT hhmmss<\/code><br><code>&nbsp;&nbsp;&nbsp;&nbsp;(Beispiel: 20220228 141530)<\/code><\/p>\n<\/div>\n<\/div>\n\n\n\n<ul class=\"wp-block-list\">\n<li>Sie k\u00f6nnen die Daten und Zeiten getrennt oder zusammen \u00e4ndern, das aktuelle Datum und die aktuelle Zeit verwenden oder beliebige Daten und Zeiten selbst eingeben.<\/li>\n\n\n\n<li>Sie entscheiden, ob Ordner und\/oder Dateien ge\u00e4ndert werden sollen. Versteckte Dateien und Ordner k\u00f6nnen beliebig von der Verarbeitung ein- oder ausgeschlossen werden.<\/li>\n\n\n\n<li>Entscheiden Sie, ob Pakete (zum Beispiel Apps) wie Ordner oder als einzelne Datei behandelt werden sollen.<\/li>\n\n\n\n<li>Das Ergebnis der Bearbeitung wird sofort nach Anwendung der \u00c4nderungen \u00fcbersichtlich angezeigt.<\/li>\n\n\n\n<li>Die App merkt sich Ihre Einstellungen f\u00fcr den n\u00e4chsten Aufruf.<\/li>\n<\/ul>\n\n\n\n<p>Wenn Sie vorab mehr \u00fcber die Funktionen der App erfahren m\u00f6chten, k\u00f6nnen Sie sich das Handbuch gerne&nbsp;<a href=\"\/de\/downloads\/\">hier<\/a> herunterladen.<\/p>\n\n\n\n<blockquote class=\"wp-block-quote is-layout-flow wp-block-quote-is-layout-flow\">\n<p><strong>Wichtiger Hinweis<\/strong><\/p>\n\n\n\n<p>Diese App modifiziert die Datums- und Zeiteigenschaften von Dateien. Sie \u00e4ndert&nbsp;<strong>NICHT<\/strong>&nbsp;den Inhalt von Dateien. Manche Software verwendet Datum und Uhrzeit aus dem Inhalt von Dateien, wie zum Beispiel Apple Fotos, Adobe Lightroom und PhotoShop oder Microsoft Word. Diese Programme werden deshalb unter Umst\u00e4nden&nbsp;<strong>NICHT<\/strong>&nbsp;das korrekte Datum und Zeit anzeigen. Stattdessen zeigen sie die Daten, die sie&nbsp;innerhalb&nbsp;der Datei gefunden haben. Das ist&nbsp;<strong>KEIN<\/strong>&nbsp;Fehler. Das ist die korrekte Funktion dieser App!<\/p>\n<\/blockquote>\n\n\n\n<h5 class=\"wp-block-heading\">Hinweise<\/h5>\n\n\n\n<ul class=\"wp-block-list\">\n<li>Unter macOS k\u00f6nnen Daten zwischen 1677 und 2262 verwendet werden.<\/li>\n\n\n\n<li>Unter Windows k\u00f6nnen Daten zwischen 1601 und 2262 verwendet werden.<\/li>\n<\/ul>\n\n\n\n<div class=\"wp-block-group\"><div class=\"wp-block-group__inner-container is-layout-flow wp-block-group-is-layout-flow\">\n<div class=\"wp-block-columns is-layout-flex wp-container-core-columns-is-layout-9d6595d7 wp-block-columns-is-layout-flex\">\n<div class=\"wp-block-column is-layout-flow wp-block-column-is-layout-flow\"><div class=\"wp-block-image\">\n<figure class=\"alignright size-full is-resized\"><a href=\"https:\/\/www.microsoft.com\/store\/apps\/9NDHGDKJS5RL\" target=\"_blank\" rel=\"noreferrer noopener\"><img loading=\"lazy\" decoding=\"async\" width=\"222\" height=\"80\" src=\"https:\/\/touch.tomsidee.de\/de\/wp-content\/uploads\/sites\/5\/sites\/5\/2022\/06\/German-Get-It-From-864x312-3.png\" alt=\"\" class=\"wp-image-121\" style=\"width:167px;height:60px\"\/><\/a><\/figure>\n<\/div><\/div>\n\n\n\n<div class=\"wp-block-column is-layout-flow wp-block-column-is-layout-flow\"><div class=\"wp-block-image\">\n<figure class=\"alignleft size-full is-resized\"><a href=\"https:\/\/apps.apple.com\/de\/app\/id1555225663\" target=\"_blank\" rel=\"noreferrer noopener\"><img loading=\"lazy\" decoding=\"async\" width=\"240\" height=\"80\" src=\"https:\/\/touch.tomsidee.de\/de\/wp-content\/uploads\/sites\/5\/sites\/5\/2022\/06\/Download_on_the_App_Store_Badge_DE_blk_092917-1.png\" alt=\"\" class=\"wp-image-118\" style=\"width:180px;height:60px\"\/><\/a><\/figure>\n<\/div><\/div>\n<\/div>\n<\/div><\/div>\n\n\n\n<p>Touch, Datum, Zeit, Datei, Bild, Foto, Erstellungsdatum, \u00c4nderungsdatum, exif, xmp, sidecar, \u00e4ndern<\/p>\n\n\n\n<p><a rel=\"noreferrer noopener\" href=\"https:\/\/apps.apple.com\/de\/app\/id1555225663\" target=\"_blank\">Apple<\/a>&nbsp;<a rel=\"noreferrer noopener\" href=\"https:\/\/www.microsoft.com\/store\/apps\/9NDHGDKJS5RL\" target=\"_blank\">Microsoft<\/a><\/p>\n","protected":false},"excerpt":{"rendered":"<p>Datum und Zeit\u00a0von Dateien und Ordnern \u00e4ndern Komfortabel Erstellungs- und \u00c4nderungs-Datum und -Zeit von Dateien und Ordnern \u00e4ndern oder aus Metadaten (Exif etc.) von Bildern, Dateinamen und xmp-Begleitdateien \u00fcbernehmen. Sicherlich kommt Ihnen die folgende oder eine \u00e4hnliche Situation bekannt vor: Endlich haben Sie die Zeit gefunden, ihre Fotos aus der Cloud herunter zu laden und &hellip; <a href=\"https:\/\/touch.tomsidee.de\/de\/\" class=\"more-link\"><span class=\"screen-reader-text\">Touch<\/span> weiterlesen<\/a><\/p>\n","protected":false},"author":1,"featured_media":0,"parent":0,"menu_order":0,"comment_status":"closed","ping_status":"closed","template":"","meta":{"footnotes":""},"class_list":["post-303","page","type-page","status-publish","hentry"],"_links":{"self":[{"href":"https:\/\/touch.tomsidee.de\/de\/wp-json\/wp\/v2\/pages\/303","targetHints":{"allow":["GET"]}}],"collection":[{"href":"https:\/\/touch.tomsidee.de\/de\/wp-json\/wp\/v2\/pages"}],"about":[{"href":"https:\/\/touch.tomsidee.de\/de\/wp-json\/wp\/v2\/types\/page"}],"author":[{"embeddable":true,"href":"https:\/\/touch.tomsidee.de\/de\/wp-json\/wp\/v2\/users\/1"}],"replies":[{"embeddable":true,"href":"https:\/\/touch.tomsidee.de\/de\/wp-json\/wp\/v2\/comments?post=303"}],"version-history":[{"count":7,"href":"https:\/\/touch.tomsidee.de\/de\/wp-json\/wp\/v2\/pages\/303\/revisions"}],"predecessor-version":[{"id":583,"href":"https:\/\/touch.tomsidee.de\/de\/wp-json\/wp\/v2\/pages\/303\/revisions\/583"}],"wp:attachment":[{"href":"https:\/\/touch.tomsidee.de\/de\/wp-json\/wp\/v2\/media?parent=303"}],"curies":[{"name":"wp","href":"https:\/\/api.w.org\/{rel}","templated":true}]}}